{"id":876,"date":"2018-04-01T15:25:10","date_gmt":"2018-04-01T13:25:10","guid":{"rendered":"http:\/\/www.lescapucines.fr\/omgeving-camping-bretagne\/"},"modified":"2022-12-27T11:57:42","modified_gmt":"2022-12-27T10:57:42","slug":"omgeving-camping-bretagne","status":"publish","type":"page","link":"https:\/\/www.lescapucines.fr\/nl\/omgeving-camping-bretagne\/","title":{"rendered":"Omgeving camping Bretagne"},"content":{"rendered":"<p>[vc_row el_class=&#8221;wrap fullrow row1-page&#8221; css=&#8221;.vc_custom_1518104580172{padding-right: 25px !important;padding-left: 25px !important;}&#8221;][vc_column el_class=&#8221;bgwhite&#8221; css=&#8221;.vc_custom_1518104388010{padding-right: 5px !important;padding-left: 5px !important;}&#8221;][vc_row_inner content_placement=&#8221;middle&#8221; el_class=&#8221;wrap bgfleur-grey&#8221; css=&#8221;.vc_custom_1518102954470{padding-bottom: 40px !important;}&#8221;][vc_column_inner width=&#8221;6\/12&#8243; css=&#8221;.vc_custom_1518100909311{padding-right: 50px !important;}&#8221;][vc_column_text el_class=&#8221;titre2&#8243;]<\/p>\n<h2>Ontdek Bretagne en haar vele charmante plekjes&#8230;<\/h2>\n<p>[\/vc_column_text][vc_column_text]<strong>Welkom in de en vooral in Tr\u00e9gor<\/strong><\/p>\n<p>Tussen de Mont St Michel en de Pointe du Raz, aan de prachtige kust van het noorden van Bretagne, gelegen aan de spectaculaire chaos van roze graniet en de rotswanden, ontplooit de baai van Lannion zijn charmes in het hart van Tr\u00e9gor.<\/p>\n<p>Le Tr\u00e9gor is \u00e9\u00e9n van de negen provincies van Bretagne. Gelegen in het noordwesten van Bretagne. Het omvat het noordwestelijke deel van het departement C\u00f4tes d\u2019Armor en een gedeelte van het noordoosten van de Finist\u00e8re, tot aan de rivier Morlaix. De belangrijkste steden zijn Lannion, Morlaix, Perros Guirrec, Guingamp en Tr\u00e9guier.<\/p>\n<p>De camping bevindt zich in de gemeente Tredrez-Locqu\u00e9meau. Ze ligt in het noorden aan zee waar het dorp Locqu\u00e9meau ligt, met, aan beide kanten van de punt van Dourven, het grote strand van Notigou en het kleine strand van Kiriou, de haven, de punt van S\u00e9har en aan het westen de rotswanden van Tredrez. Van Noord naar Zuid hebben we dan eerst Locqu\u00e9meau, dan Tredrez en de gemeente van Saint Michel en Gr\u00e8ve, kleine badplaats bekend om zijn groot zandstrand en architecturaal erfgoed zoals de begraafplaats voor zeelieden.[\/vc_column_text][\/vc_column_inner][vc_column_inner width=&#8221;3\/12&#8243; css=&#8221;.vc_custom_1518100639528{padding-right: 5px !important;padding-left: 5px !important;}&#8221;][vc_single_image image=&#8221;575&#8243; img_size=&#8221;360&#215;200&#8243; css=&#8221;.vc_custom_1519811366262{margin-bottom: 10px !important;}&#8221;][vc_single_image image=&#8221;578&#8243; img_size=&#8221;360&#215;300&#8243; css=&#8221;.vc_custom_1519811509697{margin-bottom: 0px !important;}&#8221;][\/vc_column_inner][vc_column_inner width=&#8221;3\/12&#8243; css=&#8221;.vc_custom_1518100644343{padding-right: 5px !important;padding-left: 5px !important;}&#8221;][vc_single_image image=&#8221;574&#8243; img_size=&#8221;360&#215;300&#8243; css=&#8221;.vc_custom_1519811372669{margin-bottom: 10px !important;}&#8221;][vc_single_image image=&#8221;579&#8243; img_size=&#8221;360&#215;200&#8243; css=&#8221;.vc_custom_1519811515612{margin-bottom: 0px !important;}&#8221;][\/vc_column_inner][\/vc_row_inner][\/vc_column][\/vc_row][vc_row el_class=&#8221;full-img&#8221;][vc_column][vc_single_image image=&#8221;589&#8243; img_size=&#8221;full&#8221; css=&#8221;.vc_custom_1519813705863{margin-bottom: 0px !important;}&#8221;][\/vc_column][\/vc_row][vc_row el_class=&#8221;wrap fullrow row1-page&#8221; css=&#8221;.vc_custom_1518104580172{padding-right: 25px !important;padding-left: 25px !important;}&#8221;][vc_column el_class=&#8221;bgwhite&#8221; css=&#8221;.vc_custom_1518104388010{padding-right: 5px !important;padding-left: 5px !important;}&#8221;][vc_row_inner el_class=&#8221;wrap row960 row2-page-content&#8221;][vc_column_inner width=&#8221;1\/2&#8243;][vc_single_image image=&#8221;86&#8243; img_size=&#8221;full&#8221; css=&#8221;.vc_custom_1518105147514{margin-bottom: 0px !important;}&#8221; el_class=&#8221;row2-page-flower&#8221;][vc_column_text el_class=&#8221;center&#8221;]<\/p>\n<p style=\"text-align: left;\"><strong>De streek biedt mogelijkheid aan vele activiteiten:<\/strong><\/p>\n<p style=\"text-align: left;\">&#8211; Wandeltochten over kilometers lange kustpaden van de GR34.<\/p>\n<p>&#8211; Sport met nieuwe gewaarwordingen van snelheid en glijden bij het beoefenen van kajakken, catamaran varen, zeilwagen of windsurfen in het nautisch centrum van Plestin les Gr\u00e8ves en kite surf, paddleboard in St Michel en Gr\u00e8ve.<\/p>\n<p>&#8211; de ontdekking van onuitputtelijk erfgoed met zijn kastelen,(Rosambo, Kergrist, Tonqu\u00e9dec), kapellen,kerken, parochies of de Molen van Crech Olen.<\/p>\n<p>&#8211; het permanente animatie centrum Cap Armor in Lannion stelt een grote reeks sportieve en culturele activiteiten voor voor redelijke prijzen.<\/p>\n<p>&#8211; Pleumeur-Bodou met het Plan\u00e9tarium, la cit\u00e9 des T\u00e9l\u00e9com, het Gallische dorp.<\/p>\n<p>&#8211; de strandclub in St Michel en gr\u00e8ve.<\/p>\n<p>[\/vc_column_text][\/vc_column_inner][vc_column_inner width=&#8221;1\/2&#8243;][vc_empty_space height=&#8221;60px&#8221;][vc_column_text el_class=&#8221;center&#8221;]<\/p>\n<p style=\"text-align: left;\">U heeft gekozen voor \u00e9\u00e9n van de mooiste regios. Ontdek en laat u charmeren door de talloze rijkdommen !<\/p>\n<p style=\"text-align: left;\">Markten<\/p>\n<p>Maandag : Tr\u00e9gastel<\/p>\n<p>Dinsdag : Plestin les Gr\u00e8ves (avond in juli en augustus) &#8211; Tr\u00e9beurden<\/p>\n<p>Woensdag : Locquirec (ochtend)<\/p>\n<p>Donderdag : Lannion<\/p>\n<p>Vrijdag: Perros-Guirec<\/p>\n<p>Zaterdag: Morlaix &#8211; Ploumilliau (ochtend)<\/p>\n<p>Zondag : Plestin les Gr\u00e8ves (ochtend)<\/p>\n<p>[\/vc_column_text][\/vc_column_inner][\/vc_row_inner][\/vc_column][\/vc_row][vc_row][vc_column][vc_empty_space][\/vc_column][\/vc_row][vc_row el_class=&#8221;wrap fullrow row1-page&#8221; css=&#8221;.vc_custom_1518322863802{padding-right: 25px !important;padding-left: 25px !important;background-color: #ffffff !important;}&#8221;][vc_column width=&#8221;1\/4&#8243; el_class=&#8221;bgwhite&#8221; css=&#8221;.vc_custom_1518104388010{padding-right: 5px !important;padding-left: 5px !important;}&#8221;][vc_empty_space height=&#8221;132px&#8221;][vc_column_text el_class=&#8221;titre2&#8243;]<\/p>\n<h2>Onze omgeving<\/h2>\n<p>[\/vc_column_text][\/vc_column][vc_column width=&#8221;3\/4&#8243;][vc_row_inner][vc_column_inner width=&#8221;1\/3&#8243;][vc_hoverbox image=&#8221;237&#8243; primary_title=&#8221;Le sillon de Talbert&#8221; primary_align=&#8221;left&#8221; hover_title=&#8221;&#8221; shape=&#8221;square&#8221; hover_background_color=&#8221;custom&#8221; hover_custom_background=&#8221;#80bfe3&#8243; el_class=&#8221;abloc0&#8243;]Aan het uiterste puntje van het schiereiland van Tr\u00e9gor dat wordt gevormd door Jaudy aan het westen en Trieux aan het oosten, is het pad van Talbert het uitroepteken van een Bretagne dat resoluut gericht is op de oceaan.<\/p>\n<p>Het is een pad van zand en stenen van 3km, lopende richting zee en de rotsen die haar voorgaan, dat tracht om eb en vloed te blokkeren.<\/p>\n<p><strong>\u00a0<\/strong>[\/vc_hoverbox][\/vc_column_inner][vc_column_inner width=&#8221;1\/3&#8243;][vc_hoverbox image=&#8221;239&#8243; primary_title=&#8221;Lannion&#8221; hover_title=&#8221;&#8221; shape=&#8221;square&#8221; el_class=&#8221;abloc1&#8243;]Historische hoofdstad van Tr\u00e9gor en centrum van telecommunicatie dat kloosters, kerken, versierde huizen heeft weten te behouden, met prachtige kades vol bloemen tot groot plezier van de bezoekers.<\/p>\n<p>Niet te missen\u00a0<strong>markt op donderdag<\/strong>.[\/vc_hoverbox][vc_hoverbox image=&#8221;240&#8243; primary_title=&#8221;Le Yaudet&#8221; hover_title=&#8221;&#8221; shape=&#8221;square&#8221; el_class=&#8221;abloc2&#8243;]Gallisch romeins gebied bezet vanaf prehistorie.[\/vc_hoverbox][\/vc_column_inner][vc_column_inner width=&#8221;1\/3&#8243;][vc_hoverbox image=&#8221;241&#8243; primary_title=&#8221;Pleumeur-Bodou&#8221; hover_title=&#8221;&#8221; shape=&#8221;square&#8221; el_class=&#8221;abloc3&#8243;]Cosmopolis : Telecommunicatiemuseum en zijn koepel, evenementen en tentoonstelling; planetarium; gallisch dorp, spellen voor groot en klein. Kasteel van Kerduel, groot eiland.[\/vc_hoverbox][vc_hoverbox image=&#8221;242&#8243; primary_title=&#8221;Tr\u00e9guier&#8221; hover_title=&#8221;&#8221; shape=&#8221;square&#8221; el_class=&#8221;abloc4&#8243;]Klein dorp met karakter, in het centrum vakwerkhuizen en houten gevels, vele kunstenaars.[\/vc_hoverbox][\/vc_column_inner][\/vc_row_inner][\/vc_column][\/vc_row][vc_row][vc_column][vc_empty_space][\/vc_column][\/vc_row][vc_row el_class=&#8221;wrap fullrow row1-page&#8221; css=&#8221;.vc_custom_1518322863802{padding-right: 25px !important;padding-left: 25px !important;background-color: #ffffff !important;}&#8221;][vc_column el_class=&#8221;bgwhite&#8221; css=&#8221;.vc_custom_1518104388010{padding-right: 5px !important;padding-left: 5px !important;}&#8221;][vc_column_text el_class=&#8221;titre2&#8243;]<\/p>\n<h2>Proeven<\/h2>\n<p>[\/vc_column_text][vc_column_text]Na een dag vol ontdekkingen en opwinding is de tijd gekomen om uw smaakpapillen te verzadigen. De gastronomie in Bretagne is van groot belang. Eenmaal aan tafel zal u genieten:[\/vc_column_text][vc_row_inner][vc_column_inner width=&#8221;1\/2&#8243;][vc_column_text]<\/p>\n<ul>\n<li>Zeevruchten plateautrots van de Bretonse gastronomie, schelpen en schaaldieren.<\/li>\n<li>Moules marini\u00e8res<\/li>\n<li>Coquilles St Jacques\u00a0, van oktober to april te vangen.<\/li>\n<li>Kig ha Farzzijn naam betekend vlees en vulling. Hij komt uit het lage gedeelte van Bretagne, uit Leon om precies te zijn, gelegen ten westen van Morlaix en zich uitstrekkend tot Brest.<\/li>\n<li>De pannenkoekenof ze nu van tarwe (zoet) zijn of van boekweit (galettes) van alle specialiteiten zijn zij het meest bekend.<\/li>\n<li>Far bretonmonument van de Bretonse keuken, blijft een klassieker bij de bakkers. Meestal puur natuur, of met gedroogde pruimen.<\/li>\n<li>G\u00e2teau bretongoudkleurig, fondant, heerlijk, hij heeft een goede reputatie. Ook al wordt hij zeer calorisch genoemd, alle ingredi\u00ebnten zijn uitstekende natuurproducten.<\/li>\n<\/ul>\n<p>[\/vc_column_text][\/vc_column_inner][vc_column_inner width=&#8221;1\/2&#8243;][vc_column_text]<\/p>\n<ul>\n<li>Kouign Amannin het Bretons betekent kouign cake en amann betekend boter. Hij komt oorspronkelijk uit Douarnenez.<\/li>\n<li>Cider :Of hij nu doux, brut of demi sec is, cider blijft de favoriet van Bretagne en wordt gedronken bij een pannenkoekenmaaltijd.Cider bestaat in de vorm van likeur en alcohol, lambig en pommel.<\/li>\n<li>Chouchenook wel honingwijn genoemd is een zacht en rond alcohol. Te benuttigen als aperitief of aan het eind van de maaltijd, maar altijd koel!<\/li>\n<li>Bretonse bierenniet iedereen weet het maar er wordt aardig wat bier gebrouwen in Bretagne.Het zijn kwaliteitsbieren met een sterk karakter. De bekendste brouwerijen zijn Coreff, Britt en Lancelot.<\/li>\n<\/ul>\n<p>&nbsp;<\/p>\n<p><strong>\u00a0<\/strong>[\/vc_column_text][\/vc_column_inner][\/vc_row_inner][\/vc_column][\/vc_row]<\/p>\n","protected":false},"excerpt":{"rendered":"<p>[vc_row el_class=&#8221;wrap fullrow row1-page&#8221; css=&#8221;.vc_custom_1518104580172{padding-right: 25px !important;padding-left: 25px !important;}&#8221;][vc_column el_class=&#8221;bgwhite&#8221; [&hellip;]<\/p>\n<a href=\"https:\/\/www.lescapucines.fr\/nl\/omgeving-camping-bretagne\/\">View Post<\/a>","protected":false},"author":1,"featured_media":1273,"parent":0,"menu_order":0,"comment_status":"closed","ping_status":"closed","template":"page-templates\/full.php","meta":{"_acf_changed":false,"footnotes":""},"class_list":["post-876","page","type-page","status-publish","has-post-thumbnail","hentry"],"acf":[],"yoast_head":"<!-- This site is optimized with the Yoast SEO plugin v25.3 - https:\/\/yoast.com\/wordpress\/plugins\/seo\/ -->\n<title>Camping 4 sterren Bretagne : Ontdek Bretagne (22)<\/title>\n<meta name=\"robots\" content=\"index, follow, max-snippet:-1, max-image-preview:large, max-video-preview:-1\" \/>\n<link rel=\"canonical\" href=\"https:\/\/www.lescapucines.fr\/nl\/omgeving-camping-bretagne\/\" \/>\n<meta property=\"og:locale\" content=\"nl_NL\" \/>\n<meta property=\"og:type\" content=\"article\" \/>\n<meta property=\"og:title\" content=\"Camping 4 sterren Bretagne : Ontdek Bretagne (22)\" \/>\n<meta property=\"og:description\" content=\"[vc_row el_class=&#8221;wrap fullrow row1-page&#8221; css=&#8221;.vc_custom_1518104580172{padding-right: 25px !important;padding-left: 25px !important;}&#8221;][vc_column el_class=&#8221;bgwhite&#8221; [&hellip;]\" \/>\n<meta property=\"og:url\" content=\"https:\/\/www.lescapucines.fr\/nl\/omgeving-camping-bretagne\/\" \/>\n<meta property=\"og:site_name\" content=\"Camping Capucine\" \/>\n<meta property=\"article:modified_time\" content=\"2022-12-27T10:57:42+00:00\" \/>\n<meta property=\"og:image\" content=\"https:\/\/www.lescapucines.fr\/wp-content\/uploads\/2018\/02\/camping-location-en-bretagne.jpg\" \/>\n\t<meta property=\"og:image:width\" content=\"1200\" \/>\n\t<meta property=\"og:image:height\" content=\"400\" \/>\n\t<meta property=\"og:image:type\" content=\"image\/jpeg\" \/>\n<meta name=\"twitter:card\" content=\"summary_large_image\" \/>\n<meta name=\"twitter:label1\" content=\"Geschatte leestijd\" \/>\n\t<meta name=\"twitter:data1\" content=\"5 minuten\" \/>\n<script type=\"application\/ld+json\" class=\"yoast-schema-graph\">{\"@context\":\"https:\/\/schema.org\",\"@graph\":[{\"@type\":\"WebPage\",\"@id\":\"https:\/\/www.lescapucines.fr\/nl\/omgeving-camping-bretagne\/\",\"url\":\"https:\/\/www.lescapucines.fr\/nl\/omgeving-camping-bretagne\/\",\"name\":\"Camping 4 sterren Bretagne : Ontdek Bretagne (22)\",\"isPartOf\":{\"@id\":\"https:\/\/www.lescapucines.fr\/#website\"},\"primaryImageOfPage\":{\"@id\":\"https:\/\/www.lescapucines.fr\/nl\/omgeving-camping-bretagne\/#primaryimage\"},\"image\":{\"@id\":\"https:\/\/www.lescapucines.fr\/nl\/omgeving-camping-bretagne\/#primaryimage\"},\"thumbnailUrl\":\"https:\/\/www.lescapucines.fr\/wp-content\/uploads\/2018\/02\/camping-location-en-bretagne.jpg\",\"datePublished\":\"2018-04-01T13:25:10+00:00\",\"dateModified\":\"2022-12-27T10:57:42+00:00\",\"breadcrumb\":{\"@id\":\"https:\/\/www.lescapucines.fr\/nl\/omgeving-camping-bretagne\/#breadcrumb\"},\"inLanguage\":\"nl-NL\",\"potentialAction\":[{\"@type\":\"ReadAction\",\"target\":[\"https:\/\/www.lescapucines.fr\/nl\/omgeving-camping-bretagne\/\"]}]},{\"@type\":\"ImageObject\",\"inLanguage\":\"nl-NL\",\"@id\":\"https:\/\/www.lescapucines.fr\/nl\/omgeving-camping-bretagne\/#primaryimage\",\"url\":\"https:\/\/www.lescapucines.fr\/wp-content\/uploads\/2018\/02\/camping-location-en-bretagne.jpg\",\"contentUrl\":\"https:\/\/www.lescapucines.fr\/wp-content\/uploads\/2018\/02\/camping-location-en-bretagne.jpg\",\"width\":1200,\"height\":400},{\"@type\":\"BreadcrumbList\",\"@id\":\"https:\/\/www.lescapucines.fr\/nl\/omgeving-camping-bretagne\/#breadcrumb\",\"itemListElement\":[{\"@type\":\"ListItem\",\"position\":1,\"name\":\"Camping Bretagne\",\"item\":\"https:\/\/www.lescapucines.fr\/nl\/\"},{\"@type\":\"ListItem\",\"position\":2,\"name\":\"Omgeving camping Bretagne\"}]},{\"@type\":\"WebSite\",\"@id\":\"https:\/\/www.lescapucines.fr\/#website\",\"url\":\"https:\/\/www.lescapucines.fr\/\",\"name\":\"Camping Capucine\",\"description\":\"\",\"publisher\":{\"@id\":\"https:\/\/www.lescapucines.fr\/#organization\"},\"potentialAction\":[{\"@type\":\"SearchAction\",\"target\":{\"@type\":\"EntryPoint\",\"urlTemplate\":\"https:\/\/www.lescapucines.fr\/?s={search_term_string}\"},\"query-input\":{\"@type\":\"PropertyValueSpecification\",\"valueRequired\":true,\"valueName\":\"search_term_string\"}}],\"inLanguage\":\"nl-NL\"},{\"@type\":\"Organization\",\"@id\":\"https:\/\/www.lescapucines.fr\/#organization\",\"name\":\"Camping Capucine\",\"url\":\"https:\/\/www.lescapucines.fr\/\",\"logo\":{\"@type\":\"ImageObject\",\"inLanguage\":\"nl-NL\",\"@id\":\"https:\/\/www.lescapucines.fr\/#\/schema\/logo\/image\/\",\"url\":\"\",\"contentUrl\":\"\",\"caption\":\"Camping Capucine\"},\"image\":{\"@id\":\"https:\/\/www.lescapucines.fr\/#\/schema\/logo\/image\/\"}}]}<\/script>\n<!-- \/ Yoast SEO plugin. -->","yoast_head_json":{"title":"Camping 4 sterren Bretagne : Ontdek Bretagne (22)","robots":{"index":"index","follow":"follow","max-snippet":"max-snippet:-1","max-image-preview":"max-image-preview:large","max-video-preview":"max-video-preview:-1"},"canonical":"https:\/\/www.lescapucines.fr\/nl\/omgeving-camping-bretagne\/","og_locale":"nl_NL","og_type":"article","og_title":"Camping 4 sterren Bretagne : Ontdek Bretagne (22)","og_description":"[vc_row el_class=&#8221;wrap fullrow row1-page&#8221; css=&#8221;.vc_custom_1518104580172{padding-right: 25px !important;padding-left: 25px !important;}&#8221;][vc_column el_class=&#8221;bgwhite&#8221; [&hellip;]","og_url":"https:\/\/www.lescapucines.fr\/nl\/omgeving-camping-bretagne\/","og_site_name":"Camping Capucine","article_modified_time":"2022-12-27T10:57:42+00:00","og_image":[{"width":1200,"height":400,"url":"https:\/\/www.lescapucines.fr\/wp-content\/uploads\/2018\/02\/camping-location-en-bretagne.jpg","type":"image\/jpeg"}],"twitter_card":"summary_large_image","twitter_misc":{"Geschatte leestijd":"5 minuten"},"schema":{"@context":"https:\/\/schema.org","@graph":[{"@type":"WebPage","@id":"https:\/\/www.lescapucines.fr\/nl\/omgeving-camping-bretagne\/","url":"https:\/\/www.lescapucines.fr\/nl\/omgeving-camping-bretagne\/","name":"Camping 4 sterren Bretagne : Ontdek Bretagne (22)","isPartOf":{"@id":"https:\/\/www.lescapucines.fr\/#website"},"primaryImageOfPage":{"@id":"https:\/\/www.lescapucines.fr\/nl\/omgeving-camping-bretagne\/#primaryimage"},"image":{"@id":"https:\/\/www.lescapucines.fr\/nl\/omgeving-camping-bretagne\/#primaryimage"},"thumbnailUrl":"https:\/\/www.lescapucines.fr\/wp-content\/uploads\/2018\/02\/camping-location-en-bretagne.jpg","datePublished":"2018-04-01T13:25:10+00:00","dateModified":"2022-12-27T10:57:42+00:00","breadcrumb":{"@id":"https:\/\/www.lescapucines.fr\/nl\/omgeving-camping-bretagne\/#breadcrumb"},"inLanguage":"nl-NL","potentialAction":[{"@type":"ReadAction","target":["https:\/\/www.lescapucines.fr\/nl\/omgeving-camping-bretagne\/"]}]},{"@type":"ImageObject","inLanguage":"nl-NL","@id":"https:\/\/www.lescapucines.fr\/nl\/omgeving-camping-bretagne\/#primaryimage","url":"https:\/\/www.lescapucines.fr\/wp-content\/uploads\/2018\/02\/camping-location-en-bretagne.jpg","contentUrl":"https:\/\/www.lescapucines.fr\/wp-content\/uploads\/2018\/02\/camping-location-en-bretagne.jpg","width":1200,"height":400},{"@type":"BreadcrumbList","@id":"https:\/\/www.lescapucines.fr\/nl\/omgeving-camping-bretagne\/#breadcrumb","itemListElement":[{"@type":"ListItem","position":1,"name":"Camping Bretagne","item":"https:\/\/www.lescapucines.fr\/nl\/"},{"@type":"ListItem","position":2,"name":"Omgeving camping Bretagne"}]},{"@type":"WebSite","@id":"https:\/\/www.lescapucines.fr\/#website","url":"https:\/\/www.lescapucines.fr\/","name":"Camping Capucine","description":"","publisher":{"@id":"https:\/\/www.lescapucines.fr\/#organization"},"potentialAction":[{"@type":"SearchAction","target":{"@type":"EntryPoint","urlTemplate":"https:\/\/www.lescapucines.fr\/?s={search_term_string}"},"query-input":{"@type":"PropertyValueSpecification","valueRequired":true,"valueName":"search_term_string"}}],"inLanguage":"nl-NL"},{"@type":"Organization","@id":"https:\/\/www.lescapucines.fr\/#organization","name":"Camping Capucine","url":"https:\/\/www.lescapucines.fr\/","logo":{"@type":"ImageObject","inLanguage":"nl-NL","@id":"https:\/\/www.lescapucines.fr\/#\/schema\/logo\/image\/","url":"","contentUrl":"","caption":"Camping Capucine"},"image":{"@id":"https:\/\/www.lescapucines.fr\/#\/schema\/logo\/image\/"}}]}},"_links":{"self":[{"href":"https:\/\/www.lescapucines.fr\/nl\/wp-json\/wp\/v2\/pages\/876"}],"collection":[{"href":"https:\/\/www.lescapucines.fr\/nl\/wp-json\/wp\/v2\/pages"}],"about":[{"href":"https:\/\/www.lescapucines.fr\/nl\/wp-json\/wp\/v2\/types\/page"}],"author":[{"embeddable":true,"href":"https:\/\/www.lescapucines.fr\/nl\/wp-json\/wp\/v2\/users\/1"}],"replies":[{"embeddable":true,"href":"https:\/\/www.lescapucines.fr\/nl\/wp-json\/wp\/v2\/comments?post=876"}],"version-history":[{"count":2,"href":"https:\/\/www.lescapucines.fr\/nl\/wp-json\/wp\/v2\/pages\/876\/revisions"}],"predecessor-version":[{"id":2507,"href":"https:\/\/www.lescapucines.fr\/nl\/wp-json\/wp\/v2\/pages\/876\/revisions\/2507"}],"wp:featuredmedia":[{"embeddable":true,"href":"https:\/\/www.lescapucines.fr\/nl\/wp-json\/wp\/v2\/media\/1273"}],"wp:attachment":[{"href":"https:\/\/www.lescapucines.fr\/nl\/wp-json\/wp\/v2\/media?parent=876"}],"curies":[{"name":"wp","href":"https:\/\/api.w.org\/{rel}","templated":true}]}}